{"id":2,"date":"2025-08-04T08:26:57","date_gmt":"2025-08-04T08:26:57","guid":{"rendered":"https:\/\/sanfare.ch\/?page_id=2"},"modified":"2026-01-21T10:29:42","modified_gmt":"2026-01-21T09:29:42","slug":"sample-page","status":"publish","type":"page","link":"https:\/\/sanfare.ch\/?page_id=2","title":{"rendered":"\u00dcber mich"},"content":{"rendered":"\n<div class=\"wp-block-group alignfull has-global-padding is-layout-constrained wp-container-core-group-is-layout-e220c6fd wp-block-group-is-layout-constrained\" style=\"margin-top:0;margin-bottom:0;padding-top:calc( 0.5 * var(--wp--style--root--padding-right, var(--wp--custom--gap--horizontal)));padding-right:var(--wp--style--root--padding-right, var(--wp--custom--gap--horizontal));padding-bottom:calc( 0.5 * var(--wp--style--root--padding-right, var(--wp--custom--gap--horizontal)));padding-left:var(--wp--style--root--padding-left, var(--wp--custom--gap--horizontal))\">\n<div style=\"height:calc( 0.25 * var(--wp--style--root--padding-right, var(--wp--custom--gap--horizontal)))\" aria-hidden=\"true\" class=\"wp-block-spacer\"><\/div>\n\n\n\n<div class=\"wp-block-columns alignwide are-vertically-aligned-center is-layout-flex wp-container-core-columns-is-layout-5046f3cb wp-block-columns-is-layout-flex\" style=\"margin-top:0;margin-bottom:0;padding-right:0;padding-left:0\">\n<div class=\"wp-block-column is-vertically-aligned-center is-layout-flow wp-block-column-is-layout-flow\">\n<h2 class=\"wp-block-heading alignwide\">Meine Faszination &amp; Werkzeug<\/h2>\n\n\n\n<p>Menschen zu verstehen hat mich schon immer fasziniert &#8211; besonders die feinen Signale, die uns Gesichter verraten. Mit Facereading habe ich ein Werkzeug gefunden, das Intuition und Wissen verbindet und tiefere Einblicke in Pers\u00f6nlichkeit und Potenzial erm\u00f6glicht. In meinen Kursen vermittle ich dieses Wissen praxisnah und mit Begeisterung, damit du Menschen klarer sehen und besser verstehen kannst.<\/p>\n<\/div>\n\n\n\n<div class=\"wp-block-column is-vertically-aligned-center is-layout-flow wp-block-column-is-layout-flow\">\n<figure class=\"wp-block-image aligncenter size-full has-custom-border\"><img loading=\"lazy\" decoding=\"async\" width=\"294\" height=\"373\" src=\"https:\/\/sanfare.ch\/wp-content\/uploads\/2026\/01\/IMG_0047.jpg\" alt=\"\" class=\"wp-image-407\" style=\"border-style:none;border-width:0px;border-radius:100em;aspect-ratio:1;object-fit:cover\" srcset=\"https:\/\/sanfare.ch\/wp-content\/uploads\/2026\/01\/IMG_0047.jpg 294w, https:\/\/sanfare.ch\/wp-content\/uploads\/2026\/01\/IMG_0047-236x300.jpg 236w\" sizes=\"auto, (max-width: 294px) 100vw, 294px\" \/><\/figure>\n<\/div>\n<\/div>\n\n\n\n<div style=\"height:calc( 0.25 * var(--wp--style--root--padding-right, var(--wp--custom--gap--horizontal)))\" aria-hidden=\"true\" class=\"wp-block-spacer\"><\/div>\n<\/div>\n\n\n\n<div class=\"wp-block-group alignfull has-global-padding is-content-justification-center is-layout-constrained wp-container-core-group-is-layout-df757ecc wp-block-group-is-layout-constrained\" style=\"margin-top:0;margin-bottom:0;padding-top:calc( 0.5 * var(--wp--style--root--padding-right, var(--wp--custom--gap--horizontal)));padding-right:var(--wp--style--root--padding-right, var(--wp--custom--gap--horizontal));padding-bottom:calc( 0.5 * var(--wp--style--root--padding-right, var(--wp--custom--gap--horizontal)));padding-left:var(--wp--style--root--padding-left, var(--wp--custom--gap--horizontal))\">\n<div style=\"height:calc( 0.25 * var(--wp--style--root--padding-right, var(--wp--custom--gap--horizontal)))\" aria-hidden=\"true\" class=\"wp-block-spacer\"><\/div>\n\n\n\n<h2 class=\"wp-block-heading alignwide has-text-align-left has-xx-large-font-size\">Mein Werdegang<\/h2>\n\n\n\n<div class=\"wp-block-group alignwide has-global-padding is-layout-constrained wp-container-core-group-is-layout-7db9d80f wp-block-group-is-layout-constrained\" style=\"padding-right:0;padding-left:0\">\n<div style=\"height:4px\" aria-hidden=\"true\" class=\"wp-block-spacer\"><\/div>\n\n\n\n<div class=\"wp-block-columns alignwide is-layout-flex wp-container-core-columns-is-layout-28f84493 wp-block-columns-is-layout-flex\">\n<div class=\"wp-block-column is-layout-flow wp-block-column-is-layout-flow\" style=\"flex-basis:75%\">\n<p class=\"has-medium-font-size\">Als ich vor \u00fcber 40 Jahren beschloss, meine Karriere zu starten, war mir eines klar: Kreativit\u00e4t und Menschen m\u00fcssen im Spiel sein. Also wurde ich 1985 Friseurin. Ein Jahrzehnt sp\u00e4ter, nach der Geburt meiner Tochter, er\u00f6ffneten meine Mutter und ich gemeinsam einen Bastelladen. Nach 20 erf\u00fcllenden Jahren in einem kreativen Umfeld war es Zeit f\u00fcr eine Ver\u00e4nderung. Wichtig blieb der Kontakt zu den unterschiedlichsten Menschen. So begann ich am Empfang einer Spedition zu arbeiten. Seitdem habe ich meinen Weg an den Empfangsschaltern von BKB und jetzt bei Hoffmann La Roche fortgesetzt. Unz\u00e4hlige Menschen sind mir begegnet &#8211; manche blieben eine Weile, andere nur einen fl\u00fcchtigen Moment. Menschen haben mich schon immer fasziniert, wie sie denken und was sie antreibt.<\/p>\n<\/div>\n<\/div>\n\n\n\n<div style=\"height:var(--wp--preset--spacing--30)\" aria-hidden=\"true\" class=\"wp-block-spacer\"><\/div>\n<\/div>\n\n\n\n<div style=\"height:calc( 0.25 * var(--wp--style--root--padding-right, var(--wp--custom--gap--horizontal)))\" aria-hidden=\"true\" class=\"wp-block-spacer\"><\/div>\n<\/div>\n\n\n\n<div class=\"wp-block-group alignfull has-global-padding is-content-justification-center is-layout-constrained wp-container-core-group-is-layout-df757ecc wp-block-group-is-layout-constrained\" style=\"margin-top:0;margin-bottom:0;padding-top:calc( 0.5 * var(--wp--style--root--padding-right, var(--wp--custom--gap--horizontal)));padding-right:var(--wp--style--root--padding-right, var(--wp--custom--gap--horizontal));padding-bottom:calc( 0.5 * var(--wp--style--root--padding-right, var(--wp--custom--gap--horizontal)));padding-left:var(--wp--style--root--padding-left, var(--wp--custom--gap--horizontal))\">\n<div style=\"height:calc( 0.25 * var(--wp--style--root--padding-right, var(--wp--custom--gap--horizontal)))\" aria-hidden=\"true\" class=\"wp-block-spacer\"><\/div>\n\n\n\n<div class=\"wp-block-columns alignwide is-layout-flex wp-container-core-columns-is-layout-28f84493 wp-block-columns-is-layout-flex\">\n<div class=\"wp-block-column is-layout-flow wp-block-column-is-layout-flow\" style=\"flex-basis:60%\"><\/div>\n\n\n\n<div class=\"wp-block-column is-layout-flow wp-block-column-is-layout-flow\" style=\"flex-basis:40%\">\n<h2 class=\"wp-block-heading\">Der Weg zum Gesichtslesen<\/h2>\n\n\n\n<p>Die Idee, mich eingehender mit Gesichtern, Mimik und K\u00f6rpersprache zu befassen, um menschliches Verhalten besser zu verstehen, kam erst vor f\u00fcnf Jahren durch einen ziemlich lustigen Zufall. Ein ehemaliger Kollege erz\u00e4hlte mir einmal eine unglaubliche Geschichte. Ich sah ihn an und sagte: \u201eIch sehe es dir an, dass du mich gerade anl\u00fcgst.&#8220; Er war unglaublich \u00fcberrascht und wurde knallrot. Dieser Moment im Jahr 2020 markierte den Anfang von allem. Es folgten zwei sehr intensive Ausbildungsjahre, in denen ich zertifizierte Diplome in Physiognomie, Siang Mien und Interpretation von Mimik, Gestik und K\u00f6rpersprache erwarb. In den letzten Jahren hatte ich das Privileg, Workshops zu leiten, bei der Rekrutierung zu helfen und unz\u00e4hlige pers\u00f6nliche Lesungen durchzuf\u00fchren.<\/p>\n<\/div>\n<\/div>\n\n\n\n<div class=\"wp-block-group alignfull has-global-padding is-layout-constrained wp-container-core-group-is-layout-daa29608 wp-block-group-is-layout-constrained\" style=\"margin-top:0;margin-bottom:0;padding-top:var(--wp--preset--spacing--50);padding-right:var(--wp--preset--spacing--50);padding-bottom:var(--wp--preset--spacing--50);padding-left:var(--wp--preset--spacing--50)\">\n<div class=\"wp-block-group alignfull is-layout-flow wp-block-group-is-layout-flow\" style=\"margin-top:0;margin-bottom:0;padding-top:var(--wp--preset--spacing--50);padding-right:var(--wp--preset--spacing--50);padding-bottom:var(--wp--preset--spacing--50);padding-left:var(--wp--preset--spacing--50)\">\n<h1 class=\"wp-block-heading has-text-align-center has-x-large-font-size\"><br>\t\t<em><br>\t\t&#8222;Man kann eine L\u00fcge nur wirklich lesen, wenn man die Wahrheit erkennt&#8220;\t\t<\/em><br>\t<\/h1>\n<\/div>\n<\/div>\n\n\n\n<div style=\"height:calc( 0.25 * var(--wp--style--root--padding-right, var(--wp--custom--gap--horizontal)))\" aria-hidden=\"true\" class=\"wp-block-spacer\"><\/div>\n<\/div>\n","protected":false},"excerpt":{"rendered":"<p>Meine Faszination &amp; Werkzeug Menschen zu verstehen hat mich schon immer fasziniert &#8211; besonders die feinen Signale, die uns Gesichter verraten. Mit Facereading habe ich ein Werkzeug gefunden, das Intuition und Wissen verbindet und tiefere Einblicke in Pers\u00f6nlichkeit und Potenzial erm\u00f6glicht. In meinen Kursen vermittle ich dieses Wissen praxisnah und mit Begeisterung, damit du Menschen [&hellip;]<\/p>\n","protected":false},"author":1,"featured_media":0,"parent":0,"menu_order":0,"comment_status":"closed","ping_status":"closed","template":"","meta":{"footnotes":""},"class_list":["post-2","page","type-page","status-publish","hentry"],"_links":{"self":[{"href":"https:\/\/sanfare.ch\/index.php?rest_route=\/wp\/v2\/pages\/2","targetHints":{"allow":["GET"]}}],"collection":[{"href":"https:\/\/sanfare.ch\/index.php?rest_route=\/wp\/v2\/pages"}],"about":[{"href":"https:\/\/sanfare.ch\/index.php?rest_route=\/wp\/v2\/types\/page"}],"author":[{"embeddable":true,"href":"https:\/\/sanfare.ch\/index.php?rest_route=\/wp\/v2\/users\/1"}],"replies":[{"embeddable":true,"href":"https:\/\/sanfare.ch\/index.php?rest_route=%2Fwp%2Fv2%2Fcomments&post=2"}],"version-history":[{"count":15,"href":"https:\/\/sanfare.ch\/index.php?rest_route=\/wp\/v2\/pages\/2\/revisions"}],"predecessor-version":[{"id":416,"href":"https:\/\/sanfare.ch\/index.php?rest_route=\/wp\/v2\/pages\/2\/revisions\/416"}],"wp:attachment":[{"href":"https:\/\/sanfare.ch\/index.php?rest_route=%2Fwp%2Fv2%2Fmedia&parent=2"}],"curies":[{"name":"wp","href":"https:\/\/api.w.org\/{rel}","templated":true}]}}