{"id":284,"date":"2026-01-18T17:27:08","date_gmt":"2026-01-18T16:27:08","guid":{"rendered":"https:\/\/sanfare.ch\/?post_type=product&#038;p=284"},"modified":"2026-01-20T14:16:55","modified_gmt":"2026-01-20T13:16:55","slug":"teamworkshop-gesichtlesen-mimik-gestik-koerpersprache","status":"publish","type":"product","link":"https:\/\/sanfare.ch\/?product=teamworkshop-gesichtlesen-mimik-gestik-koerpersprache","title":{"rendered":"Teamworkshop &#8211; Gesichtlesen \/ Mimik \/ Gestik \/ K\u00f6rpersprache"},"content":{"rendered":"<p>&nbsp;<\/p>\n<p>Bist du bereit, deinen beruflichen Interaktionen einen entscheidenden Vorteil zu verschaffen?<br \/>\nDieser spannende Workshop f\u00fchrt dich in die Prinzipien des Gesichtslesens ein und bietet dir praktische Tools, um<br \/>\nunausgesprochene Kommunikation zu entschl\u00fcsseln und dein Verst\u00e4ndnis f\u00fcr Kollegen und Kunden zu vertiefen.<br \/>\nEntdecke, wie subtile Gesichtsz\u00fcge dir wertvolle Erkenntnisse liefern und dir helfen, Vertrauen aufzubauen, Dynamiken zu steuern und in jeder Situation erfolgreiche Ergebnisse zu erzielen.<\/p>\n","protected":false},"excerpt":{"rendered":"<p>&nbsp; Bist du bereit, deinen beruflichen Interaktionen einen entscheidenden Vorteil zu verschaffen? Dieser spannende Workshop f\u00fchrt dich in die Prinzipien des Gesichtslesens ein und bietet dir praktische Tools, um unausgesprochene Kommunikation zu entschl\u00fcsseln und dein Verst\u00e4ndnis f\u00fcr Kollegen und Kunden zu vertiefen. Entdecke, wie subtile Gesichtsz\u00fcge dir wertvolle Erkenntnisse liefern und dir helfen, Vertrauen aufzubauen, [&hellip;]<\/p>\n","protected":false},"featured_media":298,"template":"","meta":[],"product_brand":[],"product_cat":[25],"product_tag":[],"class_list":{"0":"post-284","1":"product","2":"type-product","3":"status-publish","4":"has-post-thumbnail","6":"product_cat-kurse","8":"first","9":"instock","10":"virtual","11":"sold-individually","12":"purchasable","13":"product-type-booking"},"booking_location":"","booking_location_type":"","booking_duration":5,"booking_duration_unit":"hour","booking_buffer":0,"booking_cost":0,"booking_resources":[],"_links":{"self":[{"href":"https:\/\/sanfare.ch\/index.php?rest_route=\/wp\/v2\/product\/284","targetHints":{"allow":["GET"]}}],"collection":[{"href":"https:\/\/sanfare.ch\/index.php?rest_route=\/wp\/v2\/product"}],"about":[{"href":"https:\/\/sanfare.ch\/index.php?rest_route=\/wp\/v2\/types\/product"}],"wp:featuredmedia":[{"embeddable":true,"href":"https:\/\/sanfare.ch\/index.php?rest_route=\/wp\/v2\/media\/298"}],"wp:attachment":[{"href":"https:\/\/sanfare.ch\/index.php?rest_route=%2Fwp%2Fv2%2Fmedia&parent=284"}],"wp:term":[{"taxonomy":"product_brand","embeddable":true,"href":"https:\/\/sanfare.ch\/index.php?rest_route=%2Fwp%2Fv2%2Fproduct_brand&post=284"},{"taxonomy":"product_cat","embeddable":true,"href":"https:\/\/sanfare.ch\/index.php?rest_route=%2Fwp%2Fv2%2Fproduct_cat&post=284"},{"taxonomy":"product_tag","embeddable":true,"href":"https:\/\/sanfare.ch\/index.php?rest_route=%2Fwp%2Fv2%2Fproduct_tag&post=284"}],"curies":[{"name":"wp","href":"https:\/\/api.w.org\/{rel}","templated":true}]}}