{"id":351,"date":"2026-01-20T11:46:47","date_gmt":"2026-01-20T10:46:47","guid":{"rendered":"https:\/\/sanfare.ch\/?post_type=product&#038;p=351"},"modified":"2026-01-20T12:54:58","modified_gmt":"2026-01-20T11:54:58","slug":"workshop-gesichtlesen-mimik-gestik-koerpersprache","status":"publish","type":"product","link":"https:\/\/sanfare.ch\/?product=workshop-gesichtlesen-mimik-gestik-koerpersprache","title":{"rendered":"Workshop Gesichtlesen \/ Mimik \/ Gestik \/ K\u00f6rpersprache"},"content":{"rendered":"<p>Optimiere deine soziale Kompetenz &#8211; Eine Einf\u00fchrung ins Gesichtslesen<br \/>\nBist du bereit, deinen beruflichen Interaktionen einen entscheidenden Vorteil zu verschaffen?<br \/>\nDieser spannende Workshop f\u00fchrt dich in die Prinzipien des Gesichtslesens ein und bietet dir praktische Tools, um unausgesprochene Kommunikation zu entschl\u00fcsseln und dein Verst\u00e4ndnis f\u00fcr Kollegen und Kunden zu vertiefen.<br \/>\nEntdecke, wie subtile Gesichtsz\u00fcge dir wertvolle Erkenntnisse liefern und dir helfen, Vertrauen aufzubauen, Dynamiken zu steuern und in jeder Situation erfolgreiche Ergebnisse zu erzielen.<\/p>\n<p>&nbsp;<\/p>\n<p>Teil 1: Gesichtsformen lesen und verstehen.<br \/>\nIn diesem 2.5 Std. Grundkurs helfe ich dir, diese Zeichen besser wahrzunehmen und zu entschl\u00fcsseln. Hier lernst du 4 verschiedene Gesichtsformen kennen und lesen, wie auch spezielle Merkmale im Gesicht zu deuten und zu verstehen.<\/p>\n<p>Teil 2: Mimik, Gestik und K\u00f6rpersprache entschl\u00fcsseln.<br \/>\nIn diesem 2.5 Std. Grundkurs entschl\u00fcsseln wir die nonverbale Kommunikation durch die Mimik, Gestik und K\u00f6rpersprache.<\/p>\n<p>Ort: Siehe unter Events | Max 20 Pers. | 2 x 2.5 Std | pro Person 150.- Fr.<\/p>\n","protected":false},"excerpt":{"rendered":"<p>Optimiere deine soziale Kompetenz &#8211; Eine Einf\u00fchrung ins Gesichtslesen<br \/>\nBist du bereit, deinen beruflichen Interaktionen einen entscheidenden Vorteil zu verschaffen?<\/p>\n","protected":false},"featured_media":0,"template":"","meta":[],"product_brand":[],"product_cat":[25],"product_tag":[],"class_list":{"0":"post-351","1":"product","2":"type-product","3":"status-publish","5":"product_cat-kurse","7":"first","8":"instock","9":"virtual","10":"sold-individually","11":"purchasable","12":"product-type-booking"},"booking_location":"","booking_location_type":"","booking_duration":5,"booking_duration_unit":"hour","booking_buffer":0,"booking_cost":0,"booking_resources":[],"_links":{"self":[{"href":"https:\/\/sanfare.ch\/index.php?rest_route=\/wp\/v2\/product\/351","targetHints":{"allow":["GET"]}}],"collection":[{"href":"https:\/\/sanfare.ch\/index.php?rest_route=\/wp\/v2\/product"}],"about":[{"href":"https:\/\/sanfare.ch\/index.php?rest_route=\/wp\/v2\/types\/product"}],"wp:attachment":[{"href":"https:\/\/sanfare.ch\/index.php?rest_route=%2Fwp%2Fv2%2Fmedia&parent=351"}],"wp:term":[{"taxonomy":"product_brand","embeddable":true,"href":"https:\/\/sanfare.ch\/index.php?rest_route=%2Fwp%2Fv2%2Fproduct_brand&post=351"},{"taxonomy":"product_cat","embeddable":true,"href":"https:\/\/sanfare.ch\/index.php?rest_route=%2Fwp%2Fv2%2Fproduct_cat&post=351"},{"taxonomy":"product_tag","embeddable":true,"href":"https:\/\/sanfare.ch\/index.php?rest_route=%2Fwp%2Fv2%2Fproduct_tag&post=351"}],"curies":[{"name":"wp","href":"https:\/\/api.w.org\/{rel}","templated":true}]}}