{"id":466,"date":"2026-04-30T21:59:21","date_gmt":"2026-04-30T20:59:21","guid":{"rendered":"https:\/\/sanfare.ch\/?post_type=product&#038;p=466"},"modified":"2026-05-05T21:01:41","modified_gmt":"2026-05-05T20:01:41","slug":"teamworkshop-gesichtlesen-mimik-gestik-koerpersprache-kopie","status":"publish","type":"product","link":"https:\/\/sanfare.ch\/?product=teamworkshop-gesichtlesen-mimik-gestik-koerpersprache-kopie","title":{"rendered":"Teamworkshop- individuell auf Anfrage: Gesichtlesen \/ Mimik \/ Gestik \/ K\u00f6rpersprache"},"content":{"rendered":"<p><strong>F\u00fcr Anfragen und individuelle Terminabsprachen melde dich gerne direkt unter:<\/strong><br \/>\n<strong>sandra@sanfare.ch<\/strong><\/p>\n<p>Eine Einf\u00fchrung ins Gesichtslesen<br \/>\nSeit ihr bereit, eure beruflichen Interaktionen einen entscheidenden Vorteil zu verschaffen?<br \/>\nDieser spannende Workshop f\u00fchrt euch in die Prinzipien des Gesichtslesens ein und bietet euch praktische Tools, um unausgesprochene Kommunikation zu entschl\u00fcsseln und dein Verst\u00e4ndnis f\u00fcr Kollegen und Kunden zu vertiefen.<br \/>\nEntdeckt, wie subtile Gesichtsz\u00fcge euch wertvolle Erkenntnisse liefern und euch helfen, Vertrauen aufzubauen, Dynamiken zu steuern und in jeder Situation erfolgreiche Ergebnisse zu erzielen.<\/p>\n<p>&nbsp;<\/p>\n<p>Teil 1: Gesichtsformen lesen und verstehen.<br \/>\nIn diesem 2.5 Std. Grundkurs helfe ich euch, diese Zeichen besser wahrzunehmen und zu entschl\u00fcsseln. Hier lernt ihr 4 verschiedene Gesichtsformen kennen und lesen, wie auch spezielle Merkmale im Gesicht zu deuten und zu verstehen.<\/p>\n<p>Teil 2: Mimik, Gestik und K\u00f6rpersprache entschl\u00fcsseln.<br \/>\nIn diesem 2.5 Std. Grundkurs entschl\u00fcsseln wir die nonverbale Kommunikation durch die Mimik, Gestik und K\u00f6rpersprache.So schaffen wir f\u00fcr unser gegen\u00fcber mehr Verst\u00e4ndniss,Achtsamkeit und Toleranz<\/p>\n<p>Ort: Siehe unter Events | Max 20 Pers. | 2 x 2.5 Std\/ oder 5 Std | Gruppentarif SFR 2000.00<\/p>\n","protected":false},"excerpt":{"rendered":"<p>Der Teamworkshop von SanFaRe richtet sich an Firmen, Vereine und Gruppen, die Kommunikation, Menschenkenntnis und Zusammenarbeit auf eine spannende und praxisnahe Art st\u00e4rken m\u00f6chten.<\/p>\n<p style=\"margin-bottom: 18px;\">In diesem Workshop lernt ihr die Grundlagen des Gesichtlesens sowie wichtige Signale aus Mimik, Gestik und K\u00f6rpersprache kennen. So entsteht mehr Verst\u00e4ndnis f\u00fcreinander, eine bewusstere Kommunikation und ein besseres Gesp\u00fcr f\u00fcr Dynamiken im Team.<\/p>\n<p style=\"margin-bottom: 18px;\">Datum, Ort und Ablauf werden individuell nach Anfrage abgestimmt.<\/p>\n","protected":false},"featured_media":501,"template":"","meta":[],"product_brand":[],"product_cat":[25],"product_tag":[],"class_list":{"0":"post-466","1":"product","2":"type-product","3":"status-publish","4":"has-post-thumbnail","6":"product_cat-kurse","8":"first","9":"outofstock","10":"sold-individually","11":"shipping-taxable","12":"purchasable","13":"product-type-simple"},"booking_location":null,"booking_location_type":null,"booking_duration":null,"booking_duration_unit":null,"booking_buffer":null,"booking_cost":null,"booking_resources":null,"_links":{"self":[{"href":"https:\/\/sanfare.ch\/index.php?rest_route=\/wp\/v2\/product\/466","targetHints":{"allow":["GET"]}}],"collection":[{"href":"https:\/\/sanfare.ch\/index.php?rest_route=\/wp\/v2\/product"}],"about":[{"href":"https:\/\/sanfare.ch\/index.php?rest_route=\/wp\/v2\/types\/product"}],"wp:featuredmedia":[{"embeddable":true,"href":"https:\/\/sanfare.ch\/index.php?rest_route=\/wp\/v2\/media\/501"}],"wp:attachment":[{"href":"https:\/\/sanfare.ch\/index.php?rest_route=%2Fwp%2Fv2%2Fmedia&parent=466"}],"wp:term":[{"taxonomy":"product_brand","embeddable":true,"href":"https:\/\/sanfare.ch\/index.php?rest_route=%2Fwp%2Fv2%2Fproduct_brand&post=466"},{"taxonomy":"product_cat","embeddable":true,"href":"https:\/\/sanfare.ch\/index.php?rest_route=%2Fwp%2Fv2%2Fproduct_cat&post=466"},{"taxonomy":"product_tag","embeddable":true,"href":"https:\/\/sanfare.ch\/index.php?rest_route=%2Fwp%2Fv2%2Fproduct_tag&post=466"}],"curies":[{"name":"wp","href":"https:\/\/api.w.org\/{rel}","templated":true}]}}